{"id":9,"date":"2020-02-09T18:56:36","date_gmt":"2020-02-09T17:56:36","guid":{"rendered":"http:\/\/eiskrice-test.tk\/?page_id=3"},"modified":"2020-09-24T21:15:08","modified_gmt":"2020-09-24T19:15:08","slug":"privacy-policy","status":"publish","type":"page","link":"https:\/\/ospruleeiskrice.splet.arnes.si\/?page_id=9","title":{"rendered":"Politika zasebnosti"},"content":{"rendered":"\n<h2 class=\"wp-block-heading\">Kdo smo?<\/h2>\n\n\n\n<p>Smo \u010dlani Literarno-novinarskega kro\u017eka na Osnovni \u0161oli Prule, ki pi\u0161emo za na\u0161 \u0161olski \u010dasopis. Na\u0161e novice pa objavimo tudi na splet.<\/p>\n\n\n\n<h2 class=\"wp-block-heading\">Katere osebne podatke zbiramo in zakaj?<\/h2>\n\n\n\n<h3 class=\"wp-block-heading\">Komentarji<\/h3>\n\n\n\n<p>Ko obiskovalci na spletnem mestu pu\u0161\u010dajo komentarje, zberemo podatke, ki so prikazani v obrazcu za komentarje, pa tudi IP naslov in niz uporabni\u0161kega agenta brskalnika za prepreko ne\u017eelene po\u0161te (spam).<\/p>\n\n\n\n<p>Anonimni niz, ustvarjen iz va\u0161ega e-po\u0161tnega naslova (ki se imenuje tudi hash), bo morda na voljo storitvi Gravatar, da preverimo, ali ga uporabljate. (Pravilnik o zasebnosti storitve Gravatar je na voljo tukaj: <a href=\"https:\/\/automattic.com\/privacy\" target=\"_blank\" rel=\"noreferrer noopener\">https:\/\/automattic.com\/privacy<\/a>) Po odobritvi va\u0161ega komentarja je slika va\u0161ega profila vidna javnosti v okviru va\u0161ega komentarja.<\/p>\n\n\n\n<h3 class=\"wp-block-heading\">Mediji<\/h3>\n\n\n\n<p>\u010ce na spletno mesto nalo\u017eite slike, se izogibajte nalaganju slik z vgrajenimi podatki o lokaciji (EXIF GPS). Obiskovalci spletnega mesta lahko prenesejo in izvle\u010dejo vse podatke o lokaciji iz slik na spletnem mestu.<\/p>\n\n\n\n<h3 class=\"wp-block-heading\">Kontaktni obrazci<\/h3>\n\n\n\n<h3 class=\"wp-block-heading\">Pi\u0161kotki<\/h3>\n\n\n\n<p>\u010ce na na\u0161em spletnem mestu pustite komentar, se lahko odlo\u010dite, da boste v pi\u0161kotke shranili svoje ime, e-po\u0161tni naslov in spletno mesto. Te vam olaj\u0161ajo delo, saj vam ob ponovnem komentiranju ni treba ve\u010d izpolnjevati svojih podrobnosti. Ti pi\u0161kotki bodo veljavni eno leto.<\/p>\n\n\n\n<p>\u010ce obi\u0161\u010dete na\u0161o prijavno stran, bomo nastavili za\u010dasni pi\u0161kotek, s katerim bomo ugotovili, ali va\u0161 brskalnik sprejema pi\u0161kotke. Ta pi\u0161kotek ne vsebuje osebnih podatkov in se zavr\u017ee, ko zaprete brskalnik.<\/p>\n\n\n\n<p>Ko se prijavite, bomo shranili ve\u010d pi\u0161kotkov, s katerimi bomo shranili va\u0161e podatke za prijavo in postavitve elementov na zaslonu. Pi\u0161kotki za prijavo so veljavni dva dni, pi\u0161kotki z mo\u017enostmi zaslona pa so veljavni leto dni. \u010ce izberete \u00bbZapomni si me\u00ab, bo va\u0161a prijava veljavna dva tedna. \u010ce se odjavite iz ra\u010duna, bodo pi\u0161kotki za prijavo odstranjeni.<\/p>\n\n\n\n<p>\u010ce uredite ali objavite \u010dlanek, bo v va\u0161 brskalnik shranjen dodaten pi\u0161kotek. Ta pi\u0161kotek ne vsebuje osebnih podatkov in preprosto ozna\u010di ID objave \u010dlanka, ki ste ga pravkar uredili. Veljaven je 1 dan.<\/p>\n\n\n\n<h3 class=\"wp-block-heading\">Vdelane vsebine z drugih spletnih mest<\/h3>\n\n\n\n<p>\u010clanki na tem spletnem mestu lahko vklju\u010dujejo vdelano vsebino (npr. Videoposnetke, slike, \u010dlanke itd.). Vdelane vsebine z drugih spletnih strani se obna\u0161ajo povsem enako, kot \u010de bi obiskovalec obiskal drugo spletno mesto.<\/p>\n\n\n\n<p>Ta spletna mesta lahko zbirajo podatke o vas, uporabljajo pi\u0161kotke, vdelajo dodatno sledenje tretjih oseb in spremljajo va\u0161o interakcijo z vdelano vsebino, vklju\u010dno s sledenjem interakcije z vdelano vsebino, \u010de imate ra\u010dun in ste prijavljeni na to spletno mesto.<\/p>\n\n\n\n<h3 class=\"wp-block-heading\">Analitika<\/h3>\n\n\n\n<p>Na\u0161e aplikcije imajo povezavo z Google Firebase Analitycs. S pomo\u010djo tega orodja lahko zbiramo podatke o uporabi. Je anonimizirano in ne razkriva va\u0161ih osebnih podatkov. Namenjeno je spremljanju obiska v na\u0161ih aplikacijah.<\/p>\n\n\n\n<h2 class=\"wp-block-heading\">S kom delimo va\u0161e osebne podatke?<\/h2>\n\n\n\n<p>Z nikomer. Va\u0161i podatki se hranijo IZKLU\u010cNO na stre\u017enikih dru\u017ebe Arnes in so na voljo mentorju in \u010dlanom Literarno-novinarskega kro\u017eka na Osnovni \u0161oli Prule.<\/p>\n\n\n\n<h2 class=\"wp-block-heading\">Kako dolgo hranimo va\u0161e podatke?<\/h2>\n\n\n\n<p>\u010ce pustite komentar, se komentar in njegovi metapodatki obdr\u017eijo v nedogled. Tako lahko morebitne nadaljnje komentarje samodejno prepoznamo in odobrimo, namesto da jih dr\u017eimo v \u010dakalni vrsti za pregled.<\/p>\n\n\n\n<p>Za uporabnike, ki se registrirajo na na\u0161em spletnem mestu (\u010de obstajajo), shranimo tudi osebne podatke, ki jih posredujejo, v njihov uporabni\u0161ki profil. Vsi uporabniki lahko kadar koli vidijo, uredijo ali izbri\u0161ejo svoje osebne podatke (spreminjanje va\u0161ega uporabni\u0161kega imena <strong>NI MOGO\u010cE<\/strong>). Skrbniki spletnih mest lahko te podatke vidijo in uredijo.<\/p>\n\n\n\n<h2 class=\"wp-block-heading\">Kak\u0161ne pravice imate s svojimi podatki?<\/h2>\n\n\n\n<p>\u010ce imate na tem spletnem mestu ra\u010dun ali ste pustili komentarje, lahko zahtevate prejeto izvo\u017eeno datoteko osebnih podatkov, ki jih imamo o vas, vklju\u010dno z vsemi podatki, ki ste nam jih posredovali. Prav tako lahko zahtevate, da izbri\u0161emo vse osebne podatke, ki jih imamo o vas. To ne vklju\u010duje podatkov, ki smo jih dol\u017eni hraniti za administrativne, pravne ali varnostne namene.<\/p>\n\n\n\n<h2 class=\"wp-block-heading\">Kam po\u0161ljemo va\u0161e podatke?<\/h2>\n\n\n\n<p>Komentarji obiskovalcev bodo morda preverjeni s pomo\u010djo avtomatske storitve odkrivanja ne\u017eelene po\u0161te.<\/p>\n\n\n\n<h2 class=\"wp-block-heading\">Dodatne informacije<\/h2>\n\n\n\n<h3 class=\"wp-block-heading\">Kako \u0161\u010ditimo va\u0161e podatke?<\/h3>\n\n\n\n<p>\u0160tevilne podatke \u0161ifriramo s protokolom SSL (Secure Sockets Layer). Sistemi so za\u0161\u010diteni pred DDOS (Distributed Denial of Service). Pomembne podatke pa imamo shranjeni v bazi podatkov dru\u017ebe Arnes.<\/p>\n\n\n\n<h3 class=\"wp-block-heading\">Kak\u0161ne postopke za prepreko kr\u0161itve podatkov imamo?<\/h3>\n\n\n\n<p>V primeru DDOS napada imamo pravico do za\u010dasnega izklopa na\u0161e storitve.<\/p>\n\n\n\n<h3 class=\"wp-block-heading\">Katere tretjeosebne podatke prejemamo?<\/h3>\n\n\n\n<p>Edine tretjeosebne podatke, ki jih prejemamo so analiti\u010dni podatki Google Analytics (podatki o uporabi aplikacij).<\/p>\n","protected":false},"excerpt":{"rendered":"<p>Kdo smo? Smo \u010dlani Literarno-novinarskega kro\u017eka na Osnovni \u0161oli Prule, ki pi\u0161emo za na\u0161 \u0161olski \u010dasopis. Na\u0161e novice pa objavimo tudi na splet. Katere osebne podatke zbiramo in zakaj? Komentarji Ko obiskovalci na spletnem mestu&#46;&#46;&#46;<\/p>\n","protected":false},"author":43957,"featured_media":0,"parent":0,"menu_order":0,"comment_status":"closed","ping_status":"open","template":"","meta":{"footnotes":""},"class_list":["post-9","page","type-page","status-publish","hentry"],"_links":{"self":[{"href":"https:\/\/ospruleeiskrice.splet.arnes.si\/index.php?rest_route=\/wp\/v2\/pages\/9","targetHints":{"allow":["GET"]}}],"collection":[{"href":"https:\/\/ospruleeiskrice.splet.arnes.si\/index.php?rest_route=\/wp\/v2\/pages"}],"about":[{"href":"https:\/\/ospruleeiskrice.splet.arnes.si\/index.php?rest_route=\/wp\/v2\/types\/page"}],"author":[{"embeddable":true,"href":"https:\/\/ospruleeiskrice.splet.arnes.si\/index.php?rest_route=\/wp\/v2\/users\/43957"}],"replies":[{"embeddable":true,"href":"https:\/\/ospruleeiskrice.splet.arnes.si\/index.php?rest_route=%2Fwp%2Fv2%2Fcomments&post=9"}],"version-history":[{"count":5,"href":"https:\/\/ospruleeiskrice.splet.arnes.si\/index.php?rest_route=\/wp\/v2\/pages\/9\/revisions"}],"predecessor-version":[{"id":243,"href":"https:\/\/ospruleeiskrice.splet.arnes.si\/index.php?rest_route=\/wp\/v2\/pages\/9\/revisions\/243"}],"wp:attachment":[{"href":"https:\/\/ospruleeiskrice.splet.arnes.si\/index.php?rest_route=%2Fwp%2Fv2%2Fmedia&parent=9"}],"curies":[{"name":"wp","href":"https:\/\/api.w.org\/{rel}","templated":true}]}}